{"id":1014,"date":"2021-06-30T16:50:03","date_gmt":"2021-06-30T14:50:03","guid":{"rendered":"https:\/\/ultrafastnano.eu\/index.php\/terms-and-conditions\/"},"modified":"2024-05-24T17:54:42","modified_gmt":"2024-05-24T15:54:42","slug":"terms-and-conditions","status":"publish","type":"page","link":"https:\/\/ultrafastnano.eu\/index.php\/terms-and-conditions\/","title":{"rendered":"LEGAL NOTICE"},"content":{"rendered":"\n<p><strong>ULTRAFASTNANO \u2013 CNRS\/UPR 2940<\/strong><\/p>\n\n\n\n<p><a href=\"https:\/\/www.google.com\/maps\/place\/Institut+N%C3%A9el\/@45.203358,5.700337,15z\/data=!4m5!3m4!1s0x0:0xac582a7499f7fb85!8m2!3d45.203358!4d5.700337\" target=\"_blank\" rel=\"noreferrer noopener\">25 avenue des Martyrs BP 166<\/a><br><a href=\"https:\/\/www.google.com\/maps\/place\/Institut+N%C3%A9el\/@45.203358,5.700337,15z\/data=!4m5!3m4!1s0x0:0xac582a7499f7fb85!8m2!3d45.203358!4d5.700337\" target=\"_blank\" rel=\"noreferrer noopener\">38042 Grenoble cedex 9<\/a><br>T\u00e9l\u00e9phone : <a href=\"tel:+33476881000\">04 76 88 10 00<\/a><\/p>\n\n\n\n<p><strong>Publication Director<\/strong>: <em>Christopher Bauerle<\/em><br><strong>Hosting Provider<\/strong>: Institut N\u00e9el<br><strong>Online Date<\/strong>: <em>2021<\/em><\/p>\n\n\n\n<p><strong>Disclaimer<br><\/strong>Institut N\u00e9el shall not be held responsible for any damage of any kind resulting from the interpretation or use of the information and\/or documents available on this site.<\/p>\n\n\n\n<p><strong>Intellectual Property<br><\/strong>The contents, texts, including videos, and images that appear or are available on the site are protected by intellectual property law.<br>As such, you agree not to use, extract, copy, translate, reproduce, sell, publish, exploit, or distribute any site content protected by intellectual property law, without prior written authorization from Institut N\u00e9el.<br>However, Institut N\u00e9el grants users the right to reproduce all or part of the site content for strictly personal, private, and non-collective use, in a single copy for backup or paper print only.<br>The \u00ab&nbsp;CNRS&nbsp;\u00bb acronym and logos are registered trademarks. Therefore, it is prohibited to refer to CNRS social denominations or trademarks for any purpose without prior express written authorization from CNRS.<\/p>\n\n\n\n<p><strong>Hyperlinks<br><\/strong>The creation of hyperlinks by third parties to pages or documents distributed on the UFN site is allowed provided that the links do not conflict with the interests of the laboratory and CNRS, and ensure the possibility for the user to identify the origin and author of the document.<\/p>\n\n\n\n<p><strong>Photo Credits<br><\/strong>Photos are from the Institut N\u00e9el phototheque.<\/p>\n\n\n\n<p><strong>Site Creation<br>Design &amp; Development:<\/strong> Communication Unit, Institut N\u00e9el<\/p>\n\n\n\n<p>Institut N\u00e9el, as data controller, informs you that your data is subject to processing. When certain information is mandatory to access specific site features, this mandatory nature is indicated at the time of data entry. If you refuse to provide mandatory information, you may not be able to access certain services.<\/p>\n\n\n\n<p><strong>Personal Data Protection<\/strong><\/p>\n\n\n\n<p><strong>Recorded Data<\/strong><\/p>\n\n\n\n<p>Personal data may be collected by Institut N\u00e9el and UFN:<br>\u2022 Name<br>\u2022 First Name<br>\u2022 Email address<br>\u2022 Affiliated organization (institute, laboratory, etc.)<br>\u2022 Position (director, researcher, etc.)<br>May be collected by:<br>\u2022 Institut N\u00e9el, communication unit<br>\u2022 UFN<br>In the context of:<br>\u2022 Event participation<\/p>\n\n\n\n<p><strong>Data Recipients<br><\/strong>These data are accessible by Institut N\u00e9el, communication unit<\/p>\n\n\n\n<p><strong>Data Retention Period<br><\/strong>They are retained for:<br>\u2022 At the end of an event, the list of required registration data is deleted.<br>\u2022 After three years of inactivity, personal data is deleted under the right to be forgotten.<br>\u2022 A maximum of five years for authenticated contributors no longer part of the staff<\/p>\n\n\n\n<p><strong>Data Transfer Outside the European Union<br><\/strong>No data transfer outside the European Union is carried out.<\/p>\n\n\n\n<p><strong>Rights of Individuals<br><\/strong>In accordance with applicable legal and regulatory provisions, particularly the amended law n\u00b0 78-17 of January 6th on information technology, files, and freedoms and the European regulation n\u00b0 2016\/679\/EU of April 27th, 2016 (applicable since May 25th, 2018), you have the following rights:<\/p>\n\n\n\n<p><strong>Authenticated Contributor:<\/strong><br>\u2013 Update or delete your data by logging into your account and configuring its settings;<\/p>\n\n\n\n<p><strong>User:<\/strong><\/p>\n\n\n\n<ul class=\"wp-block-list\">\n<li>Exercise your right of access to know the personal data concerning you;<\/li>\n\n\n\n<li>Request the update of your data if they are inaccurate;<\/li>\n\n\n\n<li>Request the portability or deletion of your data;<\/li>\n\n\n\n<li>Request the deletion of your account;<\/li>\n\n\n\n<li>Request the limitation of processing your data;<\/li>\n\n\n\n<li>Object, for legitimate reasons, to the processing of your data;<\/li>\n\n\n\n<li>Withdraw your consent to data processing.<\/li>\n<\/ul>\n\n\n\n<p><strong>To exercise these rights<br><\/strong>Contact Institut N\u00e9el.<br>You can also contact the Data Protection Officer at the following address:<br>DPD \u2013 17 rue Notre Dame des Pauvres \u2013 54519 Vandoeuvre l\u00e8s Nancy Cedex<br><a href=\"mailto:%20dpd.demandes@cnrs.fr\">Contact the DPD<\/a><\/p>\n\n\n\n<p><strong>Right to File a Complaint<br><\/strong>If you believe, after contacting us, that your data privacy rights are not respected, you may file a complaint online with the CNIL or by postal mail.<\/p>\n","protected":false},"excerpt":{"rendered":"<p>ULTRAFASTNANO \u2013 CNRS\/UPR 2940 25 avenue des Martyrs BP 16638042 Grenoble cedex 9T\u00e9l\u00e9phone : 04 76 88 10 00 Publication Director: Christopher BauerleHosting Provider: Institut N\u00e9elOnline Date: 2021 DisclaimerInstitut N\u00e9el shall not be held responsible for any damage of any kind resulting from the interpretation &hellip; <\/p>\n","protected":false},"author":1,"featured_media":0,"parent":0,"menu_order":0,"comment_status":"closed","ping_status":"closed","template":"","meta":{"footnotes":""},"class_list":["post-1014","page","type-page","status-publish","hentry"],"_links":{"self":[{"href":"https:\/\/ultrafastnano.eu\/index.php\/wp-json\/wp\/v2\/pages\/1014","targetHints":{"allow":["GET"]}}],"collection":[{"href":"https:\/\/ultrafastnano.eu\/index.php\/wp-json\/wp\/v2\/pages"}],"about":[{"href":"https:\/\/ultrafastnano.eu\/index.php\/wp-json\/wp\/v2\/types\/page"}],"author":[{"embeddable":true,"href":"https:\/\/ultrafastnano.eu\/index.php\/wp-json\/wp\/v2\/users\/1"}],"replies":[{"embeddable":true,"href":"https:\/\/ultrafastnano.eu\/index.php\/wp-json\/wp\/v2\/comments?post=1014"}],"version-history":[{"count":2,"href":"https:\/\/ultrafastnano.eu\/index.php\/wp-json\/wp\/v2\/pages\/1014\/revisions"}],"predecessor-version":[{"id":1799,"href":"https:\/\/ultrafastnano.eu\/index.php\/wp-json\/wp\/v2\/pages\/1014\/revisions\/1799"}],"wp:attachment":[{"href":"https:\/\/ultrafastnano.eu\/index.php\/wp-json\/wp\/v2\/media?parent=1014"}],"curies":[{"name":"wp","href":"https:\/\/api.w.org\/{rel}","templated":true}]}}