{"id":609,"date":"2019-11-22T19:51:50","date_gmt":"2019-11-22T18:51:50","guid":{"rendered":"https:\/\/ultrafastnano.eu\/?page_id=609"},"modified":"2023-04-29T09:28:38","modified_gmt":"2023-04-29T07:28:38","slug":"partner-chalmers","status":"publish","type":"page","link":"https:\/\/ultrafastnano.eu\/index.php\/page-ex-2\/page-ex-3\/partner-chalmers\/","title":{"rendered":"CHALMERS"},"content":{"rendered":"\n<div class=\"wp-block-columns is-layout-flex wp-container-core-columns-is-layout-9d6595d7 wp-block-columns-is-layout-flex\">\n<div class=\"wp-block-column is-layout-flow wp-block-column-is-layout-flow\" style=\"flex-basis:66.66%\">\n<p style=\"font-size:24px\"><strong>Chalmers University, of Technology<\/strong><br>Gothenburg, Sweden<\/p>\n<\/div>\n\n\n\n<div class=\"wp-block-column is-layout-flow wp-block-column-is-layout-flow\" style=\"flex-basis:33.33%\"><div class=\"wp-block-image\">\n<figure class=\"alignright size-large is-resized\"><img loading=\"lazy\" decoding=\"async\" src=\"https:\/\/ultrafastnano.eu\/wp-content\/uploads\/2019\/11\/logo_chalmers.png\" alt=\"\" class=\"wp-image-610\" width=\"125\" height=\"151\" srcset=\"https:\/\/ultrafastnano.eu\/wp-content\/uploads\/2019\/11\/logo_chalmers.png 397w, https:\/\/ultrafastnano.eu\/wp-content\/uploads\/2019\/11\/logo_chalmers-247x300.png 247w\" sizes=\"auto, (max-width: 125px) 100vw, 125px\" \/><\/figure>\n<\/div><\/div>\n<\/div>\n\n\n\n<div class=\"wp-block-columns is-layout-flex wp-container-core-columns-is-layout-9d6595d7 wp-block-columns-is-layout-flex\">\n<div class=\"wp-block-column is-layout-flow wp-block-column-is-layout-flow\">\n<p class=\"has-normal-font-size\"><a rel=\"noreferrer noopener\" href=\"https:\/\/www.chalmers.se\/en\/Pages\/default.aspx\" target=\"_blank\"><strong>Chalmers University of Technology<\/strong> <\/a>conducts research and offers education in technology, science, shipping and architecture with a sustainable future as its global vision. Chalmers is well-known for providing an effective environment for innovation and has 13 departments. The Graphene Flagship, an FET Flagship initiative by the European Commission, is coordinated by Chalmers. At Chalmers, the newly founded Excellence Initiative Nano coordinates research on the unique chemical and physical phenomena that prevail at very small dimensions, and promotes the development of technologies that utilise these phenomena.<\/p>\n<\/div>\n\n\n\n<div class=\"wp-block-column is-layout-flow wp-block-column-is-layout-flow\">\n<p class=\"has-normal-font-size\">More specifically, the work proposed in \u201cUltraFastNano\u201d is going to be conducted at the Department for Microtechnology and Nanoscience in the Applied Quantum Physics group, where theoretical research in this field is carried out. We have a long-standing experience in quantum transport at the nanoscale, in particular focussing on the dynamics and thermodynamics of these systems.<br><br>Members<br>\u2022 Janine SPLETTSTOESSER<br>\u2022 Matteo ACCIAI<\/p>\n<\/div>\n<\/div>\n\n\n\n<div class=\"wp-block-media-text alignwide is-stacked-on-mobile is-vertically-aligned-top\" style=\"grid-template-columns:15% auto\"><figure class=\"wp-block-media-text__media\"><img loading=\"lazy\" decoding=\"async\" width=\"947\" height=\"941\" src=\"https:\/\/ultrafastnano.eu\/wp-content\/uploads\/2019\/11\/photo_JS_round.png\" alt=\"\" class=\"wp-image-566 size-full\" srcset=\"https:\/\/ultrafastnano.eu\/wp-content\/uploads\/2019\/11\/photo_JS_round.png 947w, https:\/\/ultrafastnano.eu\/wp-content\/uploads\/2019\/11\/photo_JS_round-300x298.png 300w, https:\/\/ultrafastnano.eu\/wp-content\/uploads\/2019\/11\/photo_JS_round-150x150.png 150w, https:\/\/ultrafastnano.eu\/wp-content\/uploads\/2019\/11\/photo_JS_round-768x763.png 768w, https:\/\/ultrafastnano.eu\/wp-content\/uploads\/2019\/11\/photo_JS_round-230x230.png 230w\" sizes=\"auto, (max-width: 947px) 100vw, 947px\" \/><\/figure><div class=\"wp-block-media-text__content\">\n<p class=\"has-normal-font-size\"><strong>PI-Chalmers<\/strong> : <strong>Janine SPLETTST\u00d6SSER<\/strong>, is a&nbsp; professor in theoretical physics in the Applied Quantum Physics Group of the Department for Microtechnology and Nanoscience at Chalmers. She received her PhD \u201cwith distinction\u201d, from Scuola Normale Superiore in Pisa (Italy) and Ruhr-Universit\u00e4t Bochum (Germany) within a co-tutoring agreement. After a postdoc at Universit\u00e9 de Gen\u00e8ve (Switzerland) in the group of M. B\u00fcttiker, she led a research group at the RWTH Aachen in Germany from 2009-2013. After having received a Wallenberg Academy Fellowship in 2013 she moved to Chalmers. Janine Splettstoesser is an expert in transport in low-dimensional systems, focussing on frequency-dependent phenomena in the quantum regime.<\/p>\n<\/div><\/div>\n","protected":false},"excerpt":{"rendered":"<p>Chalmers University, of TechnologyGothenburg, Sweden Chalmers University of Technology conducts research and offers education in technology, science, shipping and architecture with a sustainable future as its global vision. Chalmers is well-known for providing an effective environment for innovation and has 13 departments. The Graphene Flagship, &hellip; <\/p>\n","protected":false},"author":1,"featured_media":0,"parent":28,"menu_order":0,"comment_status":"closed","ping_status":"closed","template":"","meta":{"footnotes":""},"class_list":["post-609","page","type-page","status-publish","hentry"],"_links":{"self":[{"href":"https:\/\/ultrafastnano.eu\/index.php\/wp-json\/wp\/v2\/pages\/609","targetHints":{"allow":["GET"]}}],"collection":[{"href":"https:\/\/ultrafastnano.eu\/index.php\/wp-json\/wp\/v2\/pages"}],"about":[{"href":"https:\/\/ultrafastnano.eu\/index.php\/wp-json\/wp\/v2\/types\/page"}],"author":[{"embeddable":true,"href":"https:\/\/ultrafastnano.eu\/index.php\/wp-json\/wp\/v2\/users\/1"}],"replies":[{"embeddable":true,"href":"https:\/\/ultrafastnano.eu\/index.php\/wp-json\/wp\/v2\/comments?post=609"}],"version-history":[{"count":19,"href":"https:\/\/ultrafastnano.eu\/index.php\/wp-json\/wp\/v2\/pages\/609\/revisions"}],"predecessor-version":[{"id":1733,"href":"https:\/\/ultrafastnano.eu\/index.php\/wp-json\/wp\/v2\/pages\/609\/revisions\/1733"}],"up":[{"embeddable":true,"href":"https:\/\/ultrafastnano.eu\/index.php\/wp-json\/wp\/v2\/pages\/28"}],"wp:attachment":[{"href":"https:\/\/ultrafastnano.eu\/index.php\/wp-json\/wp\/v2\/media?parent=609"}],"curies":[{"name":"wp","href":"https:\/\/api.w.org\/{rel}","templated":true}]}}